{"id":152,"date":"2021-07-09T12:00:18","date_gmt":"2021-07-09T10:00:18","guid":{"rendered":"https:\/\/www.comiclown.be\/?page_id=152"},"modified":"2021-07-07T15:55:55","modified_gmt":"2021-07-07T13:55:55","slug":"rejoignez-nous","status":"publish","type":"page","link":"https:\/\/www.comiclown.be\/?page_id=152","title":{"rendered":"Rejoignez-nous"},"content":{"rendered":"\t\t<div data-elementor-type=\"wp-page\" data-elementor-id=\"152\" class=\"elementor elementor-152\">\n\t\t\t\t\t\t<section class=\"elementor-section elementor-top-section elementor-element elementor-element-9930af8 elementor-section-boxed elementor-section-height-default elementor-section-height-default\" data-id=\"9930af8\" data-element_type=\"section\" data-settings=\"{&quot;background_background&quot;:&quot;classic&quot;}\">\n\t\t\t\t\t\t\t<div class=\"elementor-background-overlay\"><\/div>\n\t\t\t\t\t\t\t<div class=\"elementor-container elementor-column-gap-default\">\n\t\t\t\t\t<div class=\"elementor-column elementor-col-100 elementor-top-column elementor-element elementor-element-8cafa6e\" data-id=\"8cafa6e\" data-element_type=\"column\">\n\t\t\t<div class=\"elementor-widget-wrap elementor-element-populated\">\n\t\t\t\t\t\t<section class=\"elementor-section elementor-inner-section elementor-element elementor-element-bb760f5 elementor-section-boxed elementor-section-height-default elementor-section-height-default\" data-id=\"bb760f5\" data-element_type=\"section\">\n\t\t\t\t\t\t<div class=\"elementor-container elementor-column-gap-default\">\n\t\t\t\t\t<div class=\"elementor-column elementor-col-100 elementor-inner-column elementor-element elementor-element-c2611be\" data-id=\"c2611be\" data-element_type=\"column\">\n\t\t\t<div class=\"elementor-widget-wrap elementor-element-populated\">\n\t\t\t\t\t\t<div class=\"elementor-element elementor-element-d5a86d5 elementor-widget elementor-widget-heading\" data-id=\"d5a86d5\" data-element_type=\"widget\" data-widget_type=\"heading.default\">\n\t\t\t\t<div class=\"elementor-widget-container\">\n\t\t\t<h1 class=\"elementor-heading-title elementor-size-default\">Rejoignez-nous<\/h1>\t\t<\/div>\n\t\t\t\t<\/div>\n\t\t\t\t\t<\/div>\n\t\t<\/div>\n\t\t\t\t\t<\/div>\n\t\t<\/section>\n\t\t\t\t\t<\/div>\n\t\t<\/div>\n\t\t\t\t\t<\/div>\n\t\t<\/section>\n\t\t\t\t<section class=\"elementor-section elementor-top-section elementor-element elementor-element-ef2fea7 elementor-section-boxed elementor-section-height-default elementor-section-height-default\" data-id=\"ef2fea7\" data-element_type=\"section\">\n\t\t\t\t\t\t<div class=\"elementor-container elementor-column-gap-default\">\n\t\t\t\t\t<div class=\"elementor-column elementor-col-100 elementor-top-column elementor-element elementor-element-ef9dc2c\" data-id=\"ef9dc2c\" data-element_type=\"column\">\n\t\t\t<div class=\"elementor-widget-wrap elementor-element-populated\">\n\t\t\t\t\t\t<div class=\"elementor-element elementor-element-4b865c9 elementor-widget elementor-widget-text-editor\" data-id=\"4b865c9\" data-element_type=\"widget\" data-widget_type=\"text-editor.default\">\n\t\t\t\t<div class=\"elementor-widget-container\">\n\t\t\t\t\t\t\t<div id=\"u341-39\" class=\"clearfix grpelem\"><h3 id=\"u447-7\"><span id=\"u447-5\">Une association au service des enfants<\/span>\u00a0<\/h3><p>Si vous voulez nous aider en devenant b\u00e9n\u00e9vole de l&#8217;association,\u00a0<span id=\"u447-10\">devenez Comi-Clown !<\/span><\/p><p>Le futur Comi-Clown doit prendre contact avec l&#8217;Association.<\/p><p>Un courrier un e-mail doit \u00eatre envoy\u00e9 \u00e0 Eric reprenant vos coordonn\u00e9es compl\u00e8tes et vos disponibilit\u00e9s.<\/p><h3 id=\"u447-19\">Comment devenir Cani-Clown ?<\/h3><p>Afin de pouvoir promouvoir notre programme Cani-Clown, nous recherchons des b\u00e9n\u00e9voles (humains et chiens) dans toutes les r\u00e9gions de Belgique, d\u00e9sireux de devenir Comi-Clown (et Cani-Clown). Le chien doit avoir minimum 2 ans et doit avoir suivi (et r\u00e9ussi) des cours de sociabilit\u00e9 Saint-Hubert.<\/p><p>Le Cani-Clown peut \u00eatre un gentil corniaud et ne doit pas poss\u00e9der des lettres de noblesse pour \u00eatre agr\u00e9\u00e9.<\/p><p>Le futur Cani-Clown doit prendre contact avec l&#8217;Association.<\/p><p>Un courrier ou un e-mail doit \u00eatre envoy\u00e9 \u00e0 Eric reprenant vos coordonn\u00e9es compl\u00e8tes et vos disponibilit\u00e9s.<\/p><p>L&#8217;association fournit tout le mat\u00e9riel n\u00e9cessaire (costume, ballons, cadeaux, accessoires) et dispense \u00e9galement une formation gratuite aux futurs Comi-Clowns.<\/p><p>Le futur Comi-Clown \/ Cani-Clown doit \u00eatre en r\u00e8gle d&#8217;assurance RC-familiale.<\/p><h3 id=\"u447-39\">Nous suivre sur Facebook<\/h3><p>Cliquez sur \u00ab j\u2019aime \u00bb et rejoignez-la page de <strong><a href=\"http:\/\/www.facebook.com\/ComiClown\" target=\"_blank\" rel=\"noopener\">Comiclown sur Facebook<\/a><\/strong>.<\/p><\/div>\t\t\t\t\t\t<\/div>\n\t\t\t\t<\/div>\n\t\t\t\t\t<\/div>\n\t\t<\/div>\n\t\t\t\t\t<\/div>\n\t\t<\/section>\n\t\t\t\t<\/div>\n\t\t","protected":false},"excerpt":{"rendered":"<p>Rejoignez-nous Une association au service des enfants\u00a0 Si vous voulez nous aider en devenant b\u00e9n\u00e9vole de l&#8217;association,\u00a0devenez Comi-Clown ! Le futur Comi-Clown doit prendre contact avec l&#8217;Association. Un courrier un e-mail doit \u00eatre envoy\u00e9 \u00e0 Eric reprenant vos coordonn\u00e9es compl\u00e8tes et vos disponibilit\u00e9s. Comment devenir Cani-Clown ? Afin de pouvoir promouvoir notre programme Cani-Clown, nous&hellip;&nbsp;<a href=\"https:\/\/www.comiclown.be\/?page_id=152\" class=\"\" rel=\"bookmark\">Lire la suite &raquo;<span class=\"screen-reader-text\">Rejoignez-nous<\/span><\/a><\/p>\n","protected":false},"author":1,"featured_media":0,"parent":0,"menu_order":0,"comment_status":"closed","ping_status":"closed","template":"page-templates\/template-pagebuilder-full-width.php","meta":{"neve_meta_sidebar":"full-width","neve_meta_container":"","neve_meta_enable_content_width":"on","neve_meta_content_width":100,"neve_meta_title_alignment":"","neve_meta_author_avatar":"","neve_post_elements_order":"","neve_meta_disable_header":"","neve_meta_disable_footer":"","neve_meta_disable_title":"","_ti_tpc_template_sync":false,"_ti_tpc_template_id":"","footnotes":""},"class_list":["post-152","page","type-page","status-publish","hentry"],"_links":{"self":[{"href":"https:\/\/www.comiclown.be\/index.php?rest_route=\/wp\/v2\/pages\/152","targetHints":{"allow":["GET"]}}],"collection":[{"href":"https:\/\/www.comiclown.be\/index.php?rest_route=\/wp\/v2\/pages"}],"about":[{"href":"https:\/\/www.comiclown.be\/index.php?rest_route=\/wp\/v2\/types\/page"}],"author":[{"embeddable":true,"href":"https:\/\/www.comiclown.be\/index.php?rest_route=\/wp\/v2\/users\/1"}],"replies":[{"embeddable":true,"href":"https:\/\/www.comiclown.be\/index.php?rest_route=%2Fwp%2Fv2%2Fcomments&post=152"}],"version-history":[{"count":5,"href":"https:\/\/www.comiclown.be\/index.php?rest_route=\/wp\/v2\/pages\/152\/revisions"}],"predecessor-version":[{"id":572,"href":"https:\/\/www.comiclown.be\/index.php?rest_route=\/wp\/v2\/pages\/152\/revisions\/572"}],"wp:attachment":[{"href":"https:\/\/www.comiclown.be\/index.php?rest_route=%2Fwp%2Fv2%2Fmedia&parent=152"}],"curies":[{"name":"wp","href":"https:\/\/api.w.org\/{rel}","templated":true}]}}