{"id":272,"date":"2021-07-09T11:45:23","date_gmt":"2021-07-09T09:45:23","guid":{"rendered":"https:\/\/www.comiclown.be\/?page_id=272"},"modified":"2021-07-07T14:26:46","modified_gmt":"2021-07-07T12:26:46","slug":"comment-nous-aider","status":"publish","type":"page","link":"https:\/\/www.comiclown.be\/?page_id=272","title":{"rendered":"Comment nous aider"},"content":{"rendered":"\t\t<div data-elementor-type=\"wp-page\" data-elementor-id=\"272\" class=\"elementor elementor-272\">\n\t\t\t\t\t\t<section class=\"elementor-section elementor-top-section elementor-element elementor-element-5556c6d elementor-section-boxed elementor-section-height-default elementor-section-height-default\" data-id=\"5556c6d\" data-element_type=\"section\" data-settings=\"{&quot;background_background&quot;:&quot;classic&quot;}\">\n\t\t\t\t\t\t\t<div class=\"elementor-background-overlay\"><\/div>\n\t\t\t\t\t\t\t<div class=\"elementor-container elementor-column-gap-default\">\n\t\t\t\t\t<div class=\"elementor-column elementor-col-100 elementor-top-column elementor-element elementor-element-a64838d\" data-id=\"a64838d\" data-element_type=\"column\">\n\t\t\t<div class=\"elementor-widget-wrap elementor-element-populated\">\n\t\t\t\t\t\t<section class=\"elementor-section elementor-inner-section elementor-element elementor-element-7537280 elementor-section-boxed elementor-section-height-default elementor-section-height-default\" data-id=\"7537280\" data-element_type=\"section\">\n\t\t\t\t\t\t<div class=\"elementor-container elementor-column-gap-default\">\n\t\t\t\t\t<div class=\"elementor-column elementor-col-100 elementor-inner-column elementor-element elementor-element-2a9b9df\" data-id=\"2a9b9df\" data-element_type=\"column\">\n\t\t\t<div class=\"elementor-widget-wrap elementor-element-populated\">\n\t\t\t\t\t\t<div class=\"elementor-element elementor-element-60437e7 elementor-widget elementor-widget-heading\" data-id=\"60437e7\" data-element_type=\"widget\" data-widget_type=\"heading.default\">\n\t\t\t\t<div class=\"elementor-widget-container\">\n\t\t\t<h1 class=\"elementor-heading-title elementor-size-default\">Comment aider Comi-Clown<\/h1>\t\t<\/div>\n\t\t\t\t<\/div>\n\t\t\t\t\t<\/div>\n\t\t<\/div>\n\t\t\t\t\t<\/div>\n\t\t<\/section>\n\t\t\t\t\t<\/div>\n\t\t<\/div>\n\t\t\t\t\t<\/div>\n\t\t<\/section>\n\t\t\t\t<section class=\"elementor-section elementor-top-section elementor-element elementor-element-abcae43 elementor-section-boxed elementor-section-height-default elementor-section-height-default\" data-id=\"abcae43\" data-element_type=\"section\">\n\t\t\t\t\t\t<div class=\"elementor-container elementor-column-gap-default\">\n\t\t\t\t\t<div class=\"elementor-column elementor-col-100 elementor-top-column elementor-element elementor-element-1a2fa89\" data-id=\"1a2fa89\" data-element_type=\"column\">\n\t\t\t<div class=\"elementor-widget-wrap elementor-element-populated\">\n\t\t\t\t\t\t<div class=\"elementor-element elementor-element-004a776 elementor-widget elementor-widget-text-editor\" data-id=\"004a776\" data-element_type=\"widget\" data-widget_type=\"text-editor.default\">\n\t\t\t\t<div class=\"elementor-widget-container\">\n\t\t\t\t\t\t\t<div id=\"u341-39\" class=\"clearfix grpelem\"><p>Il y a diff\u00e9rentes mani\u00e8res pour nous apporter votre aide.<\/p><p>Nous recherchons des b\u00e9n\u00e9voles quelques heures pour nous aider dans les travaux de secr\u00e9tariat ou de comptabilit\u00e9.<\/p><p>Devenez Sympa-Clown pour\u00a0<strong><span id=\"u341-12\">1\u20ac\/semaine<\/span><\/strong>\u00a0et soutenez l&#8217;action de Comi-Clown.<\/p><p>Devenez Sympa-Clown en faisant aupr\u00e8s de votre banque un ordre permanent de 1 euro par semaine en faveur de l&#8217;A.S.B.L Comi Clown :\u00a0<br \/><strong>n\u00b0 de\u00a0<span id=\"u341-20\">BE54 0003 0763 5597<\/span><\/strong><\/p><p>Vous pouvez \u00e9galement faire un virement du montant de votre choix.<\/p><p>En nous apportant votre aide logistique ou mat\u00e9rielle (en nous donnent des articles qui pourraient faire plaisir aux enfants ou aux services p\u00e9diatriques des h\u00f4pitaux).<\/p><p>Faites un geste pour l&#8217;environnement et pour les enfants malades !<\/p><p>Ne jeter plus vos cartouches d&#8217;imprimantes (seulement les cartouches avec une t\u00eate d&#8217;impression, Hp, Lexmark, Canon), envoyez-les nous.<\/p><p>Cela nous permet de r\u00e9colter des fonds !<\/p><p id=\"u341-37\"><strong>N&#8217;h\u00e9sitez pas \u00e0 en parler \u00e0 votre travail et autour de vous.<\/strong><\/p><\/div><div id=\"u342-5\" class=\"pointer_cursor clearfix grpelem\"><p><a class=\"nonblock\" href=\"https:\/\/www.comiclown.be\/wp-content\/uploads\/2021\/07\/bon-rotated.jpg\" target=\"_blank\" rel=\"noopener\">T\u00e9l\u00e9charger le bon<\/a><\/p><\/div>\t\t\t\t\t\t<\/div>\n\t\t\t\t<\/div>\n\t\t\t\t\t<\/div>\n\t\t<\/div>\n\t\t\t\t\t<\/div>\n\t\t<\/section>\n\t\t\t\t<\/div>\n\t\t","protected":false},"excerpt":{"rendered":"<p>Comment aider Comi-Clown Il y a diff\u00e9rentes mani\u00e8res pour nous apporter votre aide. Nous recherchons des b\u00e9n\u00e9voles quelques heures pour nous aider dans les travaux de secr\u00e9tariat ou de comptabilit\u00e9. Devenez Sympa-Clown pour\u00a01\u20ac\/semaine\u00a0et soutenez l&#8217;action de Comi-Clown. Devenez Sympa-Clown en faisant aupr\u00e8s de votre banque un ordre permanent de 1 euro par semaine en faveur&hellip;&nbsp;<a href=\"https:\/\/www.comiclown.be\/?page_id=272\" class=\"\" rel=\"bookmark\">Lire la suite &raquo;<span class=\"screen-reader-text\">Comment nous aider<\/span><\/a><\/p>\n","protected":false},"author":1,"featured_media":0,"parent":0,"menu_order":0,"comment_status":"closed","ping_status":"closed","template":"page-templates\/template-pagebuilder-full-width.php","meta":{"neve_meta_sidebar":"full-width","neve_meta_container":"","neve_meta_enable_content_width":"on","neve_meta_content_width":100,"neve_meta_title_alignment":"","neve_meta_author_avatar":"","neve_post_elements_order":"","neve_meta_disable_header":"","neve_meta_disable_footer":"","neve_meta_disable_title":"","_ti_tpc_template_sync":false,"_ti_tpc_template_id":"","footnotes":""},"class_list":["post-272","page","type-page","status-publish","hentry"],"_links":{"self":[{"href":"https:\/\/www.comiclown.be\/index.php?rest_route=\/wp\/v2\/pages\/272","targetHints":{"allow":["GET"]}}],"collection":[{"href":"https:\/\/www.comiclown.be\/index.php?rest_route=\/wp\/v2\/pages"}],"about":[{"href":"https:\/\/www.comiclown.be\/index.php?rest_route=\/wp\/v2\/types\/page"}],"author":[{"embeddable":true,"href":"https:\/\/www.comiclown.be\/index.php?rest_route=\/wp\/v2\/users\/1"}],"replies":[{"embeddable":true,"href":"https:\/\/www.comiclown.be\/index.php?rest_route=%2Fwp%2Fv2%2Fcomments&post=272"}],"version-history":[{"count":5,"href":"https:\/\/www.comiclown.be\/index.php?rest_route=\/wp\/v2\/pages\/272\/revisions"}],"predecessor-version":[{"id":499,"href":"https:\/\/www.comiclown.be\/index.php?rest_route=\/wp\/v2\/pages\/272\/revisions\/499"}],"wp:attachment":[{"href":"https:\/\/www.comiclown.be\/index.php?rest_route=%2Fwp%2Fv2%2Fmedia&parent=272"}],"curies":[{"name":"wp","href":"https:\/\/api.w.org\/{rel}","templated":true}]}}