{"id":277,"date":"2021-06-24T15:44:39","date_gmt":"2021-06-24T13:44:39","guid":{"rendered":"https:\/\/www.comiclown.be\/?page_id=277"},"modified":"2021-07-09T15:33:56","modified_gmt":"2021-07-09T13:33:56","slug":"recyclons","status":"publish","type":"page","link":"https:\/\/www.comiclown.be\/?page_id=277","title":{"rendered":"Recyclons"},"content":{"rendered":"\t\t<div data-elementor-type=\"wp-page\" data-elementor-id=\"277\" class=\"elementor elementor-277\">\n\t\t\t\t\t\t<section class=\"elementor-section elementor-top-section elementor-element elementor-element-f7d2cc0 elementor-section-boxed elementor-section-height-default elementor-section-height-default\" data-id=\"f7d2cc0\" data-element_type=\"section\" data-settings=\"{&quot;background_background&quot;:&quot;classic&quot;}\">\n\t\t\t\t\t\t\t<div class=\"elementor-background-overlay\"><\/div>\n\t\t\t\t\t\t\t<div class=\"elementor-container elementor-column-gap-default\">\n\t\t\t\t\t<div class=\"elementor-column elementor-col-100 elementor-top-column elementor-element elementor-element-31a5a3e\" data-id=\"31a5a3e\" data-element_type=\"column\">\n\t\t\t<div class=\"elementor-widget-wrap elementor-element-populated\">\n\t\t\t\t\t\t<section class=\"elementor-section elementor-inner-section elementor-element elementor-element-424ba30 elementor-section-boxed elementor-section-height-default elementor-section-height-default\" data-id=\"424ba30\" data-element_type=\"section\">\n\t\t\t\t\t\t<div class=\"elementor-container elementor-column-gap-default\">\n\t\t\t\t\t<div class=\"elementor-column elementor-col-100 elementor-inner-column elementor-element elementor-element-57d75e4\" data-id=\"57d75e4\" data-element_type=\"column\">\n\t\t\t<div class=\"elementor-widget-wrap elementor-element-populated\">\n\t\t\t\t\t\t<div class=\"elementor-element elementor-element-0302722 elementor-widget elementor-widget-heading\" data-id=\"0302722\" data-element_type=\"widget\" data-widget_type=\"heading.default\">\n\t\t\t\t<div class=\"elementor-widget-container\">\n\t\t\t<h1 class=\"elementor-heading-title elementor-size-default\">Recyclons <\/h1>\t\t<\/div>\n\t\t\t\t<\/div>\n\t\t\t\t\t<\/div>\n\t\t<\/div>\n\t\t\t\t\t<\/div>\n\t\t<\/section>\n\t\t\t\t\t<\/div>\n\t\t<\/div>\n\t\t\t\t\t<\/div>\n\t\t<\/section>\n\t\t\t\t<section class=\"elementor-section elementor-top-section elementor-element elementor-element-c9b63be elementor-section-boxed elementor-section-height-default elementor-section-height-default\" data-id=\"c9b63be\" data-element_type=\"section\">\n\t\t\t\t\t\t<div class=\"elementor-container elementor-column-gap-default\">\n\t\t\t\t\t<div class=\"elementor-column elementor-col-100 elementor-top-column elementor-element elementor-element-597d8e8\" data-id=\"597d8e8\" data-element_type=\"column\">\n\t\t\t<div class=\"elementor-widget-wrap elementor-element-populated\">\n\t\t\t\t\t\t<div class=\"elementor-element elementor-element-4b393fb elementor-widget elementor-widget-text-editor\" data-id=\"4b393fb\" data-element_type=\"widget\" data-widget_type=\"text-editor.default\">\n\t\t\t\t<div class=\"elementor-widget-container\">\n\t\t\t\t\t\t\t<div id=\"u341-39\" class=\"clearfix grpelem\"><h3 id=\"u2312-6\"><span id=\"u2312-5\">Soutenez Comi-Clown en recyclant vos cartouches d&#8217;encre usag\u00e9es!<\/span><\/h3><p>Faites un geste pour l&#8217;environnement et conservez les cartouches vides de vos imprimantes.<\/p><p>Comi-Clown vous fournit un conteneur qui est d\u00e9pos\u00e9 chez vous ou au sein de votre entreprise.<br \/>Le conteneur est relev\u00e9 r\u00e9gulii\u00e8rement par un membre de l&#8217;association.<\/p><h3 id=\"u2312-19\">N&#8217;h\u00e9sitez pas \u00e0 en parler \u00e0 votre travail et autour de vous.<\/h3><\/div><div id=\"u342-5\" class=\"pointer_cursor clearfix grpelem\">\u00a0<\/div>\t\t\t\t\t\t<\/div>\n\t\t\t\t<\/div>\n\t\t\t\t\t<\/div>\n\t\t<\/div>\n\t\t\t\t\t<\/div>\n\t\t<\/section>\n\t\t\t\t<\/div>\n\t\t","protected":false},"excerpt":{"rendered":"<p>Recyclons Soutenez Comi-Clown en recyclant vos cartouches d&#8217;encre usag\u00e9es! Faites un geste pour l&#8217;environnement et conservez les cartouches vides de vos imprimantes. Comi-Clown vous fournit un conteneur qui est d\u00e9pos\u00e9 chez vous ou au sein de votre entreprise.Le conteneur est relev\u00e9 r\u00e9gulii\u00e8rement par un membre de l&#8217;association. N&#8217;h\u00e9sitez pas \u00e0 en parler \u00e0 votre travail&hellip;&nbsp;<a href=\"https:\/\/www.comiclown.be\/?page_id=277\" class=\"\" rel=\"bookmark\">Lire la suite &raquo;<span class=\"screen-reader-text\">Recyclons<\/span><\/a><\/p>\n","protected":false},"author":1,"featured_media":0,"parent":0,"menu_order":0,"comment_status":"closed","ping_status":"closed","template":"page-templates\/template-pagebuilder-full-width.php","meta":{"neve_meta_sidebar":"full-width","neve_meta_container":"","neve_meta_enable_content_width":"on","neve_meta_content_width":100,"neve_meta_title_alignment":"","neve_meta_author_avatar":"","neve_post_elements_order":"","neve_meta_disable_header":"","neve_meta_disable_footer":"","neve_meta_disable_title":"","_ti_tpc_template_sync":false,"_ti_tpc_template_id":"","footnotes":""},"class_list":["post-277","page","type-page","status-publish","hentry"],"_links":{"self":[{"href":"https:\/\/www.comiclown.be\/index.php?rest_route=\/wp\/v2\/pages\/277","targetHints":{"allow":["GET"]}}],"collection":[{"href":"https:\/\/www.comiclown.be\/index.php?rest_route=\/wp\/v2\/pages"}],"about":[{"href":"https:\/\/www.comiclown.be\/index.php?rest_route=\/wp\/v2\/types\/page"}],"author":[{"embeddable":true,"href":"https:\/\/www.comiclown.be\/index.php?rest_route=\/wp\/v2\/users\/1"}],"replies":[{"embeddable":true,"href":"https:\/\/www.comiclown.be\/index.php?rest_route=%2Fwp%2Fv2%2Fcomments&post=277"}],"version-history":[{"count":5,"href":"https:\/\/www.comiclown.be\/index.php?rest_route=\/wp\/v2\/pages\/277\/revisions"}],"predecessor-version":[{"id":714,"href":"https:\/\/www.comiclown.be\/index.php?rest_route=\/wp\/v2\/pages\/277\/revisions\/714"}],"wp:attachment":[{"href":"https:\/\/www.comiclown.be\/index.php?rest_route=%2Fwp%2Fv2%2Fmedia&parent=277"}],"curies":[{"name":"wp","href":"https:\/\/api.w.org\/{rel}","templated":true}]}}