{"id":302,"date":"2021-07-09T11:58:10","date_gmt":"2021-07-09T09:58:10","guid":{"rendered":"https:\/\/www.comiclown.be\/?page_id=302"},"modified":"2021-07-07T15:43:28","modified_gmt":"2021-07-07T13:43:28","slug":"projet-djembe","status":"publish","type":"page","link":"https:\/\/www.comiclown.be\/?page_id=302","title":{"rendered":"Projet Djemb\u00e9"},"content":{"rendered":"\t\t<div data-elementor-type=\"wp-page\" data-elementor-id=\"302\" class=\"elementor elementor-302\">\n\t\t\t\t\t\t<section class=\"elementor-section elementor-top-section elementor-element elementor-element-ef15f6e elementor-section-boxed elementor-section-height-default elementor-section-height-default\" data-id=\"ef15f6e\" data-element_type=\"section\" data-settings=\"{&quot;background_background&quot;:&quot;classic&quot;}\">\n\t\t\t\t\t\t\t<div class=\"elementor-background-overlay\"><\/div>\n\t\t\t\t\t\t\t<div class=\"elementor-container elementor-column-gap-default\">\n\t\t\t\t\t<div class=\"elementor-column elementor-col-100 elementor-top-column elementor-element elementor-element-f819b4b\" data-id=\"f819b4b\" data-element_type=\"column\">\n\t\t\t<div class=\"elementor-widget-wrap elementor-element-populated\">\n\t\t\t\t\t\t<section class=\"elementor-section elementor-inner-section elementor-element elementor-element-9f7bb71 elementor-section-boxed elementor-section-height-default elementor-section-height-default\" data-id=\"9f7bb71\" data-element_type=\"section\">\n\t\t\t\t\t\t<div class=\"elementor-container elementor-column-gap-default\">\n\t\t\t\t\t<div class=\"elementor-column elementor-col-100 elementor-inner-column elementor-element elementor-element-4768744\" data-id=\"4768744\" data-element_type=\"column\">\n\t\t\t<div class=\"elementor-widget-wrap elementor-element-populated\">\n\t\t\t\t\t\t<div class=\"elementor-element elementor-element-64f0c97 elementor-widget elementor-widget-heading\" data-id=\"64f0c97\" data-element_type=\"widget\" data-widget_type=\"heading.default\">\n\t\t\t\t<div class=\"elementor-widget-container\">\n\t\t\t<h1 class=\"elementor-heading-title elementor-size-default\">Projet Djemb\u00e9<\/h1>\t\t<\/div>\n\t\t\t\t<\/div>\n\t\t\t\t\t<\/div>\n\t\t<\/div>\n\t\t\t\t\t<\/div>\n\t\t<\/section>\n\t\t\t\t\t<\/div>\n\t\t<\/div>\n\t\t\t\t\t<\/div>\n\t\t<\/section>\n\t\t\t\t<section class=\"elementor-section elementor-top-section elementor-element elementor-element-531ca33 elementor-section-boxed elementor-section-height-default elementor-section-height-default\" data-id=\"531ca33\" data-element_type=\"section\">\n\t\t\t\t\t\t<div class=\"elementor-container elementor-column-gap-default\">\n\t\t\t\t\t<div class=\"elementor-column elementor-col-66 elementor-top-column elementor-element elementor-element-edbdf49\" data-id=\"edbdf49\" data-element_type=\"column\">\n\t\t\t<div class=\"elementor-widget-wrap elementor-element-populated\">\n\t\t\t\t\t\t<div class=\"elementor-element elementor-element-34b3171 elementor-widget elementor-widget-text-editor\" data-id=\"34b3171\" data-element_type=\"widget\" data-widget_type=\"text-editor.default\">\n\t\t\t\t<div class=\"elementor-widget-container\">\n\t\t\t\t\t\t\t<div id=\"u341-39\" class=\"clearfix grpelem\"><h2 id=\"u446-2\">Le Djemb\u00e9 \u00e0 l&#8217;h\u00f4pital<\/h2><p>Notre nouveau projet a commenc\u00e9 en janvier 2006.<\/p><p>Comi-Clown a commenc\u00e9 la formation au djembe du personnel des services p\u00e9diatriques.<\/p><p>Par la suite, Comi-Clown mettra des djemb\u00e9s \u00e0 disposition des h\u00f4pitaux.<\/p><p>Les membres du personnel form\u00e9s organiseront un minimum de deux ateliers djemb\u00e9 chaque mois.<\/p><p>De nombreux h\u00f4pitaux ont r\u00e9pondu &#8220;pr\u00e9sents&#8221; \u00e0 ce projet, dont notamment : L&#8217;h\u00f4pital du Bois de l&#8217;abbaye de Seraing, la clinique de l&#8217;Esp\u00e9rance, le CHR de Namur, le CHU Tivoli de la Louvi\u00e8re, l&#8217;H\u00f4pital Saint-Pierre de Bruxelles, l&#8217;H\u00f4pital Fran\u00e7ais C\u00e9sar de Paepe ULB, l&#8217;H\u00f4pital Sainte Elisabeth de Namur, l&#8217;H\u00f4pital Sainte Anne, Saint R\u00e9my.<\/p><h2 id=\"u446-18\">Pourquoi un atelier &#8220;djemb\u00e9&#8221; ?<\/h2><p>Il s&#8217;est av\u00e9r\u00e9 que le mal-\u00eatre de certains adolescents hospitalis\u00e9s constituait un r\u00e9el probl\u00e8me.<\/p><p>Apr\u00e8s r\u00e9flexion, une recherche a \u00e9t\u00e9 faite afin de mettre en place un projet dont l&#8217;objectif serait de permettre \u00e0 ces ados de se distraire tout en leur offrant la possibilit\u00e9 de s&#8217;exprimer. L&#8217;id\u00e9e d&#8217;organiser des cours de Djemb\u00e9, dans les h\u00f4pitaux, est alors arriv\u00e9e sur la table des discussions. Au d\u00e9but, cette id\u00e9e paraissait un peu folle. En effet, comment dans un h\u00f4pital o\u00f9 le silence est recommand\u00e9 pour le confort des patients, peut-on envisager un tel bruit ?<\/p><p>Cela permet aux adolescents de passer un moment entre &#8220;grands&#8221; de la p\u00e9diatrie, de se d\u00e9charger d&#8217;une charge de stress certaine et \u00e9videmment d&#8217;oublier, l&#8217;espace d&#8217;un instant, le contexte hospitalier.<\/p><p>L&#8217;association organise des formations au djemb\u00e9 pour les membres du personnel hospitalier, afin que par la suite ces membres fassent l&#8217;atelier djemb\u00e9 avec les adolescents.<\/p><p>Comi-Clown fournit et entretient par la suite les djemb\u00e9s pour le service de p\u00e9diatrie.<\/p><\/div>\t\t\t\t\t\t<\/div>\n\t\t\t\t<\/div>\n\t\t\t\t\t<\/div>\n\t\t<\/div>\n\t\t\t\t<div class=\"elementor-column elementor-col-33 elementor-top-column elementor-element elementor-element-06dc15b\" data-id=\"06dc15b\" data-element_type=\"column\">\n\t\t\t<div class=\"elementor-widget-wrap elementor-element-populated\">\n\t\t\t\t\t\t<div class=\"elementor-element elementor-element-a0b43b2 elementor-widget elementor-widget-image\" data-id=\"a0b43b2\" data-element_type=\"widget\" data-widget_type=\"image.default\">\n\t\t\t\t<div class=\"elementor-widget-container\">\n\t\t\t\t\t\t\t\t\t\t\t\t\t<img fetchpriority=\"high\" decoding=\"async\" width=\"301\" height=\"475\" src=\"https:\/\/www.comiclown.be\/wp-content\/uploads\/2021\/07\/projet-djembe-image.png\" class=\"attachment-large size-large wp-image-554\" alt=\"\" srcset=\"https:\/\/www.comiclown.be\/wp-content\/uploads\/2021\/07\/projet-djembe-image.png 301w, https:\/\/www.comiclown.be\/wp-content\/uploads\/2021\/07\/projet-djembe-image-190x300.png 190w\" sizes=\"(max-width: 301px) 100vw, 301px\" \/>\t\t\t\t\t\t\t\t\t\t\t\t\t<\/div>\n\t\t\t\t<\/div>\n\t\t\t\t\t<\/div>\n\t\t<\/div>\n\t\t\t\t\t<\/div>\n\t\t<\/section>\n\t\t\t\t<section class=\"elementor-section elementor-top-section elementor-element elementor-element-58fc151 elementor-section-boxed elementor-section-height-default elementor-section-height-default\" data-id=\"58fc151\" data-element_type=\"section\">\n\t\t\t\t\t\t<div class=\"elementor-container elementor-column-gap-default\">\n\t\t\t\t\t<div class=\"elementor-column elementor-col-100 elementor-top-column elementor-element elementor-element-d728597\" data-id=\"d728597\" data-element_type=\"column\">\n\t\t\t<div class=\"elementor-widget-wrap\">\n\t\t\t\t\t\t\t<\/div>\n\t\t<\/div>\n\t\t\t\t\t<\/div>\n\t\t<\/section>\n\t\t\t\t<\/div>\n\t\t","protected":false},"excerpt":{"rendered":"<p>Projet Djemb\u00e9 Le Djemb\u00e9 \u00e0 l&#8217;h\u00f4pital Notre nouveau projet a commenc\u00e9 en janvier 2006. Comi-Clown a commenc\u00e9 la formation au djembe du personnel des services p\u00e9diatriques. Par la suite, Comi-Clown mettra des djemb\u00e9s \u00e0 disposition des h\u00f4pitaux. Les membres du personnel form\u00e9s organiseront un minimum de deux ateliers djemb\u00e9 chaque mois. De nombreux h\u00f4pitaux ont&hellip;&nbsp;<a href=\"https:\/\/www.comiclown.be\/?page_id=302\" class=\"\" rel=\"bookmark\">Lire la suite &raquo;<span class=\"screen-reader-text\">Projet Djemb\u00e9<\/span><\/a><\/p>\n","protected":false},"author":1,"featured_media":0,"parent":0,"menu_order":0,"comment_status":"closed","ping_status":"closed","template":"page-templates\/template-pagebuilder-full-width.php","meta":{"neve_meta_sidebar":"full-width","neve_meta_container":"","neve_meta_enable_content_width":"on","neve_meta_content_width":100,"neve_meta_title_alignment":"","neve_meta_author_avatar":"","neve_post_elements_order":"","neve_meta_disable_header":"","neve_meta_disable_footer":"","neve_meta_disable_title":"","_ti_tpc_template_sync":false,"_ti_tpc_template_id":"","footnotes":""},"class_list":["post-302","page","type-page","status-publish","hentry"],"_links":{"self":[{"href":"https:\/\/www.comiclown.be\/index.php?rest_route=\/wp\/v2\/pages\/302","targetHints":{"allow":["GET"]}}],"collection":[{"href":"https:\/\/www.comiclown.be\/index.php?rest_route=\/wp\/v2\/pages"}],"about":[{"href":"https:\/\/www.comiclown.be\/index.php?rest_route=\/wp\/v2\/types\/page"}],"author":[{"embeddable":true,"href":"https:\/\/www.comiclown.be\/index.php?rest_route=\/wp\/v2\/users\/1"}],"replies":[{"embeddable":true,"href":"https:\/\/www.comiclown.be\/index.php?rest_route=%2Fwp%2Fv2%2Fcomments&post=302"}],"version-history":[{"count":5,"href":"https:\/\/www.comiclown.be\/index.php?rest_route=\/wp\/v2\/pages\/302\/revisions"}],"predecessor-version":[{"id":557,"href":"https:\/\/www.comiclown.be\/index.php?rest_route=\/wp\/v2\/pages\/302\/revisions\/557"}],"wp:attachment":[{"href":"https:\/\/www.comiclown.be\/index.php?rest_route=%2Fwp%2Fv2%2Fmedia&parent=302"}],"curies":[{"name":"wp","href":"https:\/\/api.w.org\/{rel}","templated":true}]}}