{"id":307,"date":"2021-07-09T12:01:07","date_gmt":"2021-07-09T10:01:07","guid":{"rendered":"https:\/\/www.comiclown.be\/?page_id=307"},"modified":"2021-07-07T15:52:00","modified_gmt":"2021-07-07T13:52:00","slug":"sur-le-terrain","status":"publish","type":"page","link":"https:\/\/www.comiclown.be\/?page_id=307","title":{"rendered":"Sur le terrain"},"content":{"rendered":"\t\t<div data-elementor-type=\"wp-page\" data-elementor-id=\"307\" class=\"elementor elementor-307\">\n\t\t\t\t\t\t<section class=\"elementor-section elementor-top-section elementor-element elementor-element-730dfbd elementor-section-boxed elementor-section-height-default elementor-section-height-default\" data-id=\"730dfbd\" data-element_type=\"section\" data-settings=\"{&quot;background_background&quot;:&quot;classic&quot;}\">\n\t\t\t\t\t\t\t<div class=\"elementor-background-overlay\"><\/div>\n\t\t\t\t\t\t\t<div class=\"elementor-container elementor-column-gap-default\">\n\t\t\t\t\t<div class=\"elementor-column elementor-col-100 elementor-top-column elementor-element elementor-element-7371697\" data-id=\"7371697\" data-element_type=\"column\">\n\t\t\t<div class=\"elementor-widget-wrap elementor-element-populated\">\n\t\t\t\t\t\t<section class=\"elementor-section elementor-inner-section elementor-element elementor-element-d67241a elementor-section-boxed elementor-section-height-default elementor-section-height-default\" data-id=\"d67241a\" data-element_type=\"section\">\n\t\t\t\t\t\t<div class=\"elementor-container elementor-column-gap-default\">\n\t\t\t\t\t<div class=\"elementor-column elementor-col-100 elementor-inner-column elementor-element elementor-element-9565a26\" data-id=\"9565a26\" data-element_type=\"column\">\n\t\t\t<div class=\"elementor-widget-wrap elementor-element-populated\">\n\t\t\t\t\t\t<div class=\"elementor-element elementor-element-8a4de59 elementor-widget elementor-widget-heading\" data-id=\"8a4de59\" data-element_type=\"widget\" data-widget_type=\"heading.default\">\n\t\t\t\t<div class=\"elementor-widget-container\">\n\t\t\t<h1 class=\"elementor-heading-title elementor-size-default\">Sur le terrain<\/h1>\t\t<\/div>\n\t\t\t\t<\/div>\n\t\t\t\t\t<\/div>\n\t\t<\/div>\n\t\t\t\t\t<\/div>\n\t\t<\/section>\n\t\t\t\t\t<\/div>\n\t\t<\/div>\n\t\t\t\t\t<\/div>\n\t\t<\/section>\n\t\t\t\t<section class=\"elementor-section elementor-top-section elementor-element elementor-element-d57c18b elementor-section-boxed elementor-section-height-default elementor-section-height-default\" data-id=\"d57c18b\" data-element_type=\"section\">\n\t\t\t\t\t\t<div class=\"elementor-container elementor-column-gap-default\">\n\t\t\t\t\t<div class=\"elementor-column elementor-col-100 elementor-top-column elementor-element elementor-element-0b6b17b\" data-id=\"0b6b17b\" data-element_type=\"column\">\n\t\t\t<div class=\"elementor-widget-wrap elementor-element-populated\">\n\t\t\t\t\t\t<div class=\"elementor-element elementor-element-014eddb elementor-widget elementor-widget-text-editor\" data-id=\"014eddb\" data-element_type=\"widget\" data-widget_type=\"text-editor.default\">\n\t\t\t\t<div class=\"elementor-widget-container\">\n\t\t\t\t\t\t\t<div id=\"u341-39\" class=\"clearfix grpelem\"><p>Blanche-Neige et les Clowns rendent visite aux enfants hospitalis\u00e9s.<\/p><p>L&#8217;association envoie un clown et une Blanche-Neige dans les h\u00f4pitaux avec lesquels elle collabore afin de distraire les enfants.<\/p><p>Nos b\u00e9n\u00e9voles passent une \u00e0 deux fois par semaine, toujours dans le m\u00eame h\u00f4pital, selon les endroits.<\/p><p>Nos \u00e9quipes ne voyagent pas d&#8217;h\u00f4pitaux en h\u00f4pitaux mais restent attach\u00e9es \u00e0 un seul h\u00f4pital dans lequel elles sont actives.<\/p><p id=\"u547-17\"><strong>L&#8217;association essaie \u00e9galement d&#8217;am\u00e9liorer le s\u00e9jour des enfants hospitalis\u00e9s.<\/strong><\/p><p id=\"u547-20\"><strong>Une \u00e0 deux fois par an, un grand spectacle de magie est organis\u00e9.<\/strong><\/p><p id=\"u547-23\"><strong>Nous avons d\u00e9j\u00e0 refait la d\u00e9coration de plusieurs services p\u00e9diatriques.<\/strong><\/p><p id=\"u547-26\"><strong>Nous aidons \u00e9galement Saint-Nicolas et P\u00e8re No\u00ebl lors de la distribution des cadeaux.<\/strong><\/p><p id=\"u547-29\"><strong>Lors de chacun de nos passages, les enfants re\u00e7oivent un petit souvenir.<\/strong><\/p><p id=\"u547-32\"><strong>L&#8217;association et ses partenaires se mobilisent \u00e9galement pour am\u00e9liorer le quotidien des enfants hospitalis\u00e9s dans l&#8217;ensemble des h\u00f4pitaux avec lesquels nous collaborons.<\/strong><\/p><\/div>\t\t\t\t\t\t<\/div>\n\t\t\t\t<\/div>\n\t\t\t\t\t<\/div>\n\t\t<\/div>\n\t\t\t\t\t<\/div>\n\t\t<\/section>\n\t\t\t\t<\/div>\n\t\t","protected":false},"excerpt":{"rendered":"<p>Sur le terrain Blanche-Neige et les Clowns rendent visite aux enfants hospitalis\u00e9s. L&#8217;association envoie un clown et une Blanche-Neige dans les h\u00f4pitaux avec lesquels elle collabore afin de distraire les enfants. Nos b\u00e9n\u00e9voles passent une \u00e0 deux fois par semaine, toujours dans le m\u00eame h\u00f4pital, selon les endroits. Nos \u00e9quipes ne voyagent pas d&#8217;h\u00f4pitaux en&hellip;&nbsp;<a href=\"https:\/\/www.comiclown.be\/?page_id=307\" class=\"\" rel=\"bookmark\">Lire la suite &raquo;<span class=\"screen-reader-text\">Sur le terrain<\/span><\/a><\/p>\n","protected":false},"author":1,"featured_media":0,"parent":0,"menu_order":0,"comment_status":"closed","ping_status":"closed","template":"page-templates\/template-pagebuilder-full-width.php","meta":{"neve_meta_sidebar":"full-width","neve_meta_container":"","neve_meta_enable_content_width":"on","neve_meta_content_width":100,"neve_meta_title_alignment":"","neve_meta_author_avatar":"","neve_post_elements_order":"","neve_meta_disable_header":"","neve_meta_disable_footer":"","neve_meta_disable_title":"","_ti_tpc_template_sync":false,"_ti_tpc_template_id":"","footnotes":""},"class_list":["post-307","page","type-page","status-publish","hentry"],"_links":{"self":[{"href":"https:\/\/www.comiclown.be\/index.php?rest_route=\/wp\/v2\/pages\/307","targetHints":{"allow":["GET"]}}],"collection":[{"href":"https:\/\/www.comiclown.be\/index.php?rest_route=\/wp\/v2\/pages"}],"about":[{"href":"https:\/\/www.comiclown.be\/index.php?rest_route=\/wp\/v2\/types\/page"}],"author":[{"embeddable":true,"href":"https:\/\/www.comiclown.be\/index.php?rest_route=\/wp\/v2\/users\/1"}],"replies":[{"embeddable":true,"href":"https:\/\/www.comiclown.be\/index.php?rest_route=%2Fwp%2Fv2%2Fcomments&post=307"}],"version-history":[{"count":5,"href":"https:\/\/www.comiclown.be\/index.php?rest_route=\/wp\/v2\/pages\/307\/revisions"}],"predecessor-version":[{"id":569,"href":"https:\/\/www.comiclown.be\/index.php?rest_route=\/wp\/v2\/pages\/307\/revisions\/569"}],"wp:attachment":[{"href":"https:\/\/www.comiclown.be\/index.php?rest_route=%2Fwp%2Fv2%2Fmedia&parent=307"}],"curies":[{"name":"wp","href":"https:\/\/api.w.org\/{rel}","templated":true}]}}