{"id":34,"date":"2019-07-16T16:30:07","date_gmt":"2019-07-16T14:30:07","guid":{"rendered":"https:\/\/demosites.io\/fitness\/?page_id=34"},"modified":"2021-07-01T16:19:45","modified_gmt":"2021-07-01T14:19:45","slug":"presentation","status":"publish","type":"page","link":"https:\/\/www.comiclown.be\/?page_id=34","title":{"rendered":"Pr\u00e9sentation"},"content":{"rendered":"\t\t<div data-elementor-type=\"wp-post\" data-elementor-id=\"34\" class=\"elementor elementor-34\">\n\t\t\t\t\t\t<section class=\"elementor-section elementor-top-section elementor-element elementor-element-f3f0774 elementor-section-boxed elementor-section-height-default elementor-section-height-default\" data-id=\"f3f0774\" data-element_type=\"section\" data-settings=\"{&quot;background_background&quot;:&quot;classic&quot;}\">\n\t\t\t\t\t\t\t<div class=\"elementor-background-overlay\"><\/div>\n\t\t\t\t\t\t\t<div class=\"elementor-container elementor-column-gap-default\">\n\t\t\t\t\t<div class=\"elementor-column elementor-col-100 elementor-top-column elementor-element elementor-element-0b1f023\" data-id=\"0b1f023\" data-element_type=\"column\">\n\t\t\t<div class=\"elementor-widget-wrap elementor-element-populated\">\n\t\t\t\t\t\t<section class=\"elementor-section elementor-inner-section elementor-element elementor-element-4de2976 elementor-section-boxed elementor-section-height-default elementor-section-height-default\" data-id=\"4de2976\" data-element_type=\"section\">\n\t\t\t\t\t\t<div class=\"elementor-container elementor-column-gap-default\">\n\t\t\t\t\t<div class=\"elementor-column elementor-col-100 elementor-inner-column elementor-element elementor-element-2bc932d\" data-id=\"2bc932d\" data-element_type=\"column\">\n\t\t\t<div class=\"elementor-widget-wrap elementor-element-populated\">\n\t\t\t\t\t\t<div class=\"elementor-element elementor-element-71a799d elementor-widget elementor-widget-heading\" data-id=\"71a799d\" data-element_type=\"widget\" data-widget_type=\"heading.default\">\n\t\t\t\t<div class=\"elementor-widget-container\">\n\t\t\t<h1 class=\"elementor-heading-title elementor-size-default\">Comi-Clown<\/h1>\t\t<\/div>\n\t\t\t\t<\/div>\n\t\t\t\t\t<\/div>\n\t\t<\/div>\n\t\t\t\t\t<\/div>\n\t\t<\/section>\n\t\t\t\t\t<\/div>\n\t\t<\/div>\n\t\t\t\t\t<\/div>\n\t\t<\/section>\n\t\t\t\t<section class=\"elementor-section elementor-top-section elementor-element elementor-element-8acaa99 elementor-section-full_width elementor-section-height-default elementor-section-height-default\" data-id=\"8acaa99\" data-element_type=\"section\" data-settings=\"{&quot;background_background&quot;:&quot;classic&quot;}\">\n\t\t\t\t\t\t<div class=\"elementor-container elementor-column-gap-default\">\n\t\t\t\t\t<div class=\"elementor-column elementor-col-100 elementor-top-column elementor-element elementor-element-b85b176\" data-id=\"b85b176\" data-element_type=\"column\">\n\t\t\t<div class=\"elementor-widget-wrap elementor-element-populated\">\n\t\t\t\t\t\t<section class=\"elementor-section elementor-inner-section elementor-element elementor-element-7f29dc9 elementor-section-content-middle elementor-section-boxed elementor-section-height-default elementor-section-height-default\" data-id=\"7f29dc9\" data-element_type=\"section\">\n\t\t\t\t\t\t<div class=\"elementor-container elementor-column-gap-default\">\n\t\t\t\t\t<div class=\"elementor-column elementor-col-50 elementor-inner-column elementor-element elementor-element-80c6ca8\" data-id=\"80c6ca8\" data-element_type=\"column\">\n\t\t\t<div class=\"elementor-widget-wrap elementor-element-populated\">\n\t\t\t\t\t\t<div class=\"elementor-element elementor-element-8480f65 elementor-widget elementor-widget-heading\" data-id=\"8480f65\" data-element_type=\"widget\" data-widget_type=\"heading.default\">\n\t\t\t\t<div class=\"elementor-widget-container\">\n\t\t\t<h2 class=\"elementor-heading-title elementor-size-default\">Une association au service des enfants.<br>\nPlus d'un vingtaine d'h\u00f4pitaux participants.<\/h2>\t\t<\/div>\n\t\t\t\t<\/div>\n\t\t\t\t<div class=\"elementor-element elementor-element-1546297 elementor-widget elementor-widget-text-editor\" data-id=\"1546297\" data-element_type=\"widget\" data-widget_type=\"text-editor.default\">\n\t\t\t\t<div class=\"elementor-widget-container\">\n\t\t\t\t\t\t\t<p>Tout a commenc\u00e9 le dimanche 14 avril 2002&#8230;<br \/><br \/>Comi-Clown est une association de soutien aupr\u00e8s des enfants malades. L&#8217;association envoie des clowns (b\u00e9n\u00e9voles) dans les services p\u00e9diatriques des h\u00f4pitaux et des cliniques afin de distraire et d&#8217;\u00e9couter les enfants. Comi-Clown existe depuis 2002 et travaille dans toutes les regions du pays. L&#8217;association essaie \u00e9galement d&#8217;<strong><span id=\"u313-20\">am\u00e9liorer le quotidien des services p\u00e9diatriques<\/span><\/strong>\u00a0avec lesquels elle collabore, et ce, toujours de fa\u00e7on b\u00e9n\u00e9vole.<\/p><p>Depuis septembre 2012, apr\u00e8s dix ans de bons et loyaux services, Phillipe a c\u00e9d\u00e9 sa place \u00e0 Eric.<\/p><p>La Radio NRJ devient le Parrain de l&#8217;Asbl Comiclown.<\/p><p>Lire la charte de Comi-Clown (format PDF)<\/p>\t\t\t\t\t\t<\/div>\n\t\t\t\t<\/div>\n\t\t\t\t\t<\/div>\n\t\t<\/div>\n\t\t\t\t<div class=\"elementor-column elementor-col-50 elementor-inner-column elementor-element elementor-element-b7b96a3\" data-id=\"b7b96a3\" data-element_type=\"column\">\n\t\t\t<div class=\"elementor-widget-wrap elementor-element-populated\">\n\t\t\t\t\t\t<div class=\"elementor-element elementor-element-0f3b58e elementor-widget elementor-widget-image\" data-id=\"0f3b58e\" data-element_type=\"widget\" data-widget_type=\"image.default\">\n\t\t\t\t<div class=\"elementor-widget-container\">\n\t\t\t\t\t\t\t\t\t\t\t\t\t<img fetchpriority=\"high\" decoding=\"async\" width=\"411\" height=\"510\" src=\"https:\/\/www.comiclown.be\/wp-content\/uploads\/2021\/07\/accueil-clown-hopital-photo.jpg\" class=\"attachment-large size-large wp-image-375\" alt=\"\" srcset=\"https:\/\/www.comiclown.be\/wp-content\/uploads\/2021\/07\/accueil-clown-hopital-photo.jpg 411w, https:\/\/www.comiclown.be\/wp-content\/uploads\/2021\/07\/accueil-clown-hopital-photo-242x300.jpg 242w\" sizes=\"(max-width: 411px) 100vw, 411px\" \/>\t\t\t\t\t\t\t\t\t\t\t\t\t<\/div>\n\t\t\t\t<\/div>\n\t\t\t\t\t<\/div>\n\t\t<\/div>\n\t\t\t\t\t<\/div>\n\t\t<\/section>\n\t\t\t\t\t<\/div>\n\t\t<\/div>\n\t\t\t\t\t<\/div>\n\t\t<\/section>\n\t\t\t\t<section class=\"elementor-section elementor-top-section elementor-element elementor-element-a95a134 elementor-section-full_width elementor-section-height-default elementor-section-height-default\" data-id=\"a95a134\" data-element_type=\"section\" data-settings=\"{&quot;background_background&quot;:&quot;classic&quot;}\">\n\t\t\t\t\t\t<div class=\"elementor-container elementor-column-gap-default\">\n\t\t\t\t\t<div class=\"elementor-column elementor-col-100 elementor-top-column elementor-element elementor-element-fb9cf00\" data-id=\"fb9cf00\" data-element_type=\"column\">\n\t\t\t<div class=\"elementor-widget-wrap elementor-element-populated\">\n\t\t\t\t\t\t<section class=\"elementor-section elementor-inner-section elementor-element elementor-element-3a1caad elementor-section-content-middle elementor-section-boxed elementor-section-height-default elementor-section-height-default\" data-id=\"3a1caad\" data-element_type=\"section\">\n\t\t\t\t\t\t<div class=\"elementor-container elementor-column-gap-default\">\n\t\t\t\t\t<div class=\"elementor-column elementor-col-100 elementor-inner-column elementor-element elementor-element-a152d0c\" data-id=\"a152d0c\" data-element_type=\"column\">\n\t\t\t<div class=\"elementor-widget-wrap elementor-element-populated\">\n\t\t\t\t\t\t<div class=\"elementor-element elementor-element-ae3126c elementor-widget elementor-widget-heading\" data-id=\"ae3126c\" data-element_type=\"widget\" data-widget_type=\"heading.default\">\n\t\t\t\t<div class=\"elementor-widget-container\">\n\t\t\t<h2 class=\"elementor-heading-title elementor-size-default\">L'association en quelques chiffres<\/h2>\t\t<\/div>\n\t\t\t\t<\/div>\n\t\t\t\t<div class=\"elementor-element elementor-element-bebb86c elementor-widget elementor-widget-text-editor\" data-id=\"bebb86c\" data-element_type=\"widget\" data-widget_type=\"text-editor.default\">\n\t\t\t\t<div class=\"elementor-widget-container\">\n\t\t\t\t\t\t\t<p id=\"u313-37\"><span id=\"u313-36\">50 b\u00e9n\u00e9voles<\/span><\/p><p id=\"u313-39\"><span id=\"u313-38\">20 h\u00f4pitaux<\/span><\/p><p id=\"u313-41\"><span id=\"u313-40\">Entre 350 et 500 enfants visit\u00e9s par semaine<\/span><\/p><p id=\"u313-43\"><span id=\"u313-42\">Plus de 2000 cadeaux distribu\u00e9s par an<\/span><\/p><p id=\"u313-45\"><span id=\"u313-44\">Plus de 25 000 ballons gonfl\u00e9s et donn\u00e9s aux enfants<\/span><\/p><p id=\"u313-47\"><span id=\"u313-46\">Et un nombre incalculable de sourires et de rires partag\u00e9s<\/span><\/p>\t\t\t\t\t\t<\/div>\n\t\t\t\t<\/div>\n\t\t\t\t\t<\/div>\n\t\t<\/div>\n\t\t\t\t\t<\/div>\n\t\t<\/section>\n\t\t\t\t\t<\/div>\n\t\t<\/div>\n\t\t\t\t\t<\/div>\n\t\t<\/section>\n\t\t\t\t<\/div>\n\t\t","protected":false},"excerpt":{"rendered":"<p>Comi-Clown Une association au service des enfants. Plus d&#8217;un vingtaine d&#8217;h\u00f4pitaux participants. Tout a commenc\u00e9 le dimanche 14 avril 2002&#8230; Comi-Clown est une association de soutien aupr\u00e8s des enfants malades. L&#8217;association envoie des clowns (b\u00e9n\u00e9voles) dans les services p\u00e9diatriques des h\u00f4pitaux et des cliniques afin de distraire et d&#8217;\u00e9couter les enfants. Comi-Clown existe depuis 2002&hellip;&nbsp;<a href=\"https:\/\/www.comiclown.be\/?page_id=34\" class=\"\" rel=\"bookmark\">Lire la suite &raquo;<span class=\"screen-reader-text\">Pr\u00e9sentation<\/span><\/a><\/p>\n","protected":false},"author":1,"featured_media":0,"parent":0,"menu_order":0,"comment_status":"closed","ping_status":"closed","template":"page-templates\/template-pagebuilder-full-width.php","meta":{"neve_meta_sidebar":"","neve_meta_container":"","neve_meta_enable_content_width":"","neve_meta_content_width":70,"neve_meta_title_alignment":"","neve_meta_author_avatar":"","neve_post_elements_order":"","neve_meta_disable_header":"","neve_meta_disable_footer":"","neve_meta_disable_title":"","_ti_tpc_template_sync":false,"_ti_tpc_template_id":"ivtamo6ev0kk09lusaa0","footnotes":""},"class_list":["post-34","page","type-page","status-publish","hentry"],"_links":{"self":[{"href":"https:\/\/www.comiclown.be\/index.php?rest_route=\/wp\/v2\/pages\/34","targetHints":{"allow":["GET"]}}],"collection":[{"href":"https:\/\/www.comiclown.be\/index.php?rest_route=\/wp\/v2\/pages"}],"about":[{"href":"https:\/\/www.comiclown.be\/index.php?rest_route=\/wp\/v2\/types\/page"}],"author":[{"embeddable":true,"href":"https:\/\/www.comiclown.be\/index.php?rest_route=\/wp\/v2\/users\/1"}],"replies":[{"embeddable":true,"href":"https:\/\/www.comiclown.be\/index.php?rest_route=%2Fwp%2Fv2%2Fcomments&post=34"}],"version-history":[{"count":5,"href":"https:\/\/www.comiclown.be\/index.php?rest_route=\/wp\/v2\/pages\/34\/revisions"}],"predecessor-version":[{"id":381,"href":"https:\/\/www.comiclown.be\/index.php?rest_route=\/wp\/v2\/pages\/34\/revisions\/381"}],"wp:attachment":[{"href":"https:\/\/www.comiclown.be\/index.php?rest_route=%2Fwp%2Fv2%2Fmedia&parent=34"}],"curies":[{"name":"wp","href":"https:\/\/api.w.org\/{rel}","templated":true}]}}