{"id":611,"date":"2021-07-09T11:40:07","date_gmt":"2021-07-09T09:40:07","guid":{"rendered":"https:\/\/www.comiclown.be\/?page_id=611"},"modified":"2021-07-09T15:20:27","modified_gmt":"2021-07-09T13:20:27","slug":"persartikelen","status":"publish","type":"page","link":"https:\/\/www.comiclown.be\/?page_id=611&lang=nl","title":{"rendered":"Persartikelen"},"content":{"rendered":"\t\t<div data-elementor-type=\"wp-page\" data-elementor-id=\"611\" class=\"elementor elementor-611\">\n\t\t\t\t\t\t<section class=\"elementor-section elementor-top-section elementor-element elementor-element-ba7ed89 elementor-section-boxed elementor-section-height-default elementor-section-height-default\" data-id=\"ba7ed89\" data-element_type=\"section\" data-settings=\"{&quot;background_background&quot;:&quot;classic&quot;}\">\n\t\t\t\t\t\t\t<div class=\"elementor-background-overlay\"><\/div>\n\t\t\t\t\t\t\t<div class=\"elementor-container elementor-column-gap-default\">\n\t\t\t\t\t<div class=\"elementor-column elementor-col-100 elementor-top-column elementor-element elementor-element-8c55c5f\" data-id=\"8c55c5f\" data-element_type=\"column\">\n\t\t\t<div class=\"elementor-widget-wrap elementor-element-populated\">\n\t\t\t\t\t\t<section class=\"elementor-section elementor-inner-section elementor-element elementor-element-81e39f6 elementor-section-boxed elementor-section-height-default elementor-section-height-default\" data-id=\"81e39f6\" data-element_type=\"section\">\n\t\t\t\t\t\t<div class=\"elementor-container elementor-column-gap-default\">\n\t\t\t\t\t<div class=\"elementor-column elementor-col-100 elementor-inner-column elementor-element elementor-element-aa3da14\" data-id=\"aa3da14\" data-element_type=\"column\">\n\t\t\t<div class=\"elementor-widget-wrap elementor-element-populated\">\n\t\t\t\t\t\t<div class=\"elementor-element elementor-element-6060429 elementor-widget elementor-widget-heading\" data-id=\"6060429\" data-element_type=\"widget\" data-widget_type=\"heading.default\">\n\t\t\t\t<div class=\"elementor-widget-container\">\n\t\t\t<h1 class=\"elementor-heading-title elementor-size-default\">Persartikelen<\/h1>\t\t<\/div>\n\t\t\t\t<\/div>\n\t\t\t\t\t<\/div>\n\t\t<\/div>\n\t\t\t\t\t<\/div>\n\t\t<\/section>\n\t\t\t\t\t<\/div>\n\t\t<\/div>\n\t\t\t\t\t<\/div>\n\t\t<\/section>\n\t\t\t\t<section class=\"elementor-section elementor-top-section elementor-element elementor-element-d2282ad elementor-section-boxed elementor-section-height-default elementor-section-height-default\" data-id=\"d2282ad\" data-element_type=\"section\">\n\t\t\t\t\t\t<div class=\"elementor-container elementor-column-gap-default\">\n\t\t\t\t\t<div class=\"elementor-column elementor-col-25 elementor-top-column elementor-element elementor-element-e31f79c\" data-id=\"e31f79c\" data-element_type=\"column\">\n\t\t\t<div class=\"elementor-widget-wrap elementor-element-populated\">\n\t\t\t\t\t\t<div class=\"elementor-element elementor-element-1408cc4 elementor-widget elementor-widget-text-editor\" data-id=\"1408cc4\" data-element_type=\"widget\" data-widget_type=\"text-editor.default\">\n\t\t\t\t<div class=\"elementor-widget-container\">\n\t\t\t\t\t\t\t<p>2004<\/p><p><a class=\"nonblock\" href=\"https:\/\/www.comiclown.be\/ARTICLES_DE_PRESSE\/1.jpg\" target=\"_blank\" rel=\"noopener\">&#8220;Le quotidien de Namur&#8221;<\/a><\/p>\t\t\t\t\t\t<\/div>\n\t\t\t\t<\/div>\n\t\t\t\t\t<\/div>\n\t\t<\/div>\n\t\t\t\t<div class=\"elementor-column elementor-col-25 elementor-top-column elementor-element elementor-element-40b6b3e\" data-id=\"40b6b3e\" data-element_type=\"column\">\n\t\t\t<div class=\"elementor-widget-wrap elementor-element-populated\">\n\t\t\t\t\t\t<div class=\"elementor-element elementor-element-ba272ef elementor-widget elementor-widget-text-editor\" data-id=\"ba272ef\" data-element_type=\"widget\" data-widget_type=\"text-editor.default\">\n\t\t\t\t<div class=\"elementor-widget-container\">\n\t\t\t\t\t\t\t<p>Juin 2004<\/p><p><a class=\"nonblock\" href=\"https:\/\/www.comiclown.be\/ARTICLES_DE_PRESSE\/2.jpg\" target=\"_blank\" rel=\"noopener\">&#8220;Journal de Tournai&#8221;<\/a><\/p>\t\t\t\t\t\t<\/div>\n\t\t\t\t<\/div>\n\t\t\t\t\t<\/div>\n\t\t<\/div>\n\t\t\t\t<div class=\"elementor-column elementor-col-25 elementor-top-column elementor-element elementor-element-9abb6da\" data-id=\"9abb6da\" data-element_type=\"column\">\n\t\t\t<div class=\"elementor-widget-wrap elementor-element-populated\">\n\t\t\t\t\t\t<div class=\"elementor-element elementor-element-ba201ba elementor-widget elementor-widget-text-editor\" data-id=\"ba201ba\" data-element_type=\"widget\" data-widget_type=\"text-editor.default\">\n\t\t\t\t<div class=\"elementor-widget-container\">\n\t\t\t\t\t\t\t<p>16 octobre 2004<\/p><p><a class=\"nonblock\" href=\"https:\/\/www.comiclown.be\/ARTICLES_DE_PRESSE\/3.jpg\" target=\"_blank\" rel=\"noopener\">&#8220;Grenz Echo Eupen&#8221;<\/a><\/p>\t\t\t\t\t\t<\/div>\n\t\t\t\t<\/div>\n\t\t\t\t\t<\/div>\n\t\t<\/div>\n\t\t\t\t<div class=\"elementor-column elementor-col-25 elementor-top-column elementor-element elementor-element-4d10e17\" data-id=\"4d10e17\" data-element_type=\"column\">\n\t\t\t<div class=\"elementor-widget-wrap elementor-element-populated\">\n\t\t\t\t\t\t<div class=\"elementor-element elementor-element-507472a elementor-widget elementor-widget-text-editor\" data-id=\"507472a\" data-element_type=\"widget\" data-widget_type=\"text-editor.default\">\n\t\t\t\t<div class=\"elementor-widget-container\">\n\t\t\t\t\t\t\t<p>16 octobre 2004<\/p><p><a class=\"nonblock\" href=\"https:\/\/www.comiclown.be\/ARTICLES_DE_PRESSE\/4.jpg\" target=\"_blank\" rel=\"noopener\">&#8220;Traducution de l&#8217;article Grenz Echo Eupen&#8221;<\/a><\/p>\t\t\t\t\t\t<\/div>\n\t\t\t\t<\/div>\n\t\t\t\t\t<\/div>\n\t\t<\/div>\n\t\t\t\t\t<\/div>\n\t\t<\/section>\n\t\t\t\t<section class=\"elementor-section elementor-top-section elementor-element elementor-element-7fdf914 elementor-section-boxed elementor-section-height-default elementor-section-height-default\" data-id=\"7fdf914\" data-element_type=\"section\">\n\t\t\t\t\t\t<div class=\"elementor-container elementor-column-gap-default\">\n\t\t\t\t\t<div class=\"elementor-column elementor-col-25 elementor-top-column elementor-element elementor-element-a898a00\" data-id=\"a898a00\" data-element_type=\"column\">\n\t\t\t<div class=\"elementor-widget-wrap elementor-element-populated\">\n\t\t\t\t\t\t<div class=\"elementor-element elementor-element-80db24a elementor-widget elementor-widget-text-editor\" data-id=\"80db24a\" data-element_type=\"widget\" data-widget_type=\"text-editor.default\">\n\t\t\t\t<div class=\"elementor-widget-container\">\n\t\t\t\t\t\t\t<p>7 d\u00e9cembre 2004<\/p><p><a class=\"nonblock\" href=\"https:\/\/www.comiclown.be\/ARTICLES_DE_PRESSE\/4.jpg\" target=\"_blank\" rel=\"noopener\">&#8220;La Derni\u00e8re Heure de Charleroi&#8221;<\/a><\/p>\t\t\t\t\t\t<\/div>\n\t\t\t\t<\/div>\n\t\t\t\t\t<\/div>\n\t\t<\/div>\n\t\t\t\t<div class=\"elementor-column elementor-col-25 elementor-top-column elementor-element elementor-element-10807a7\" data-id=\"10807a7\" data-element_type=\"column\">\n\t\t\t<div class=\"elementor-widget-wrap elementor-element-populated\">\n\t\t\t\t\t\t<div class=\"elementor-element elementor-element-f47030c elementor-widget elementor-widget-text-editor\" data-id=\"f47030c\" data-element_type=\"widget\" data-widget_type=\"text-editor.default\">\n\t\t\t\t<div class=\"elementor-widget-container\">\n\t\t\t\t\t\t\t<p>7 d\u00e9cembre 2004<\/p><p><a class=\"nonblock\" href=\"https:\/\/www.comiclown.be\/ARTICLES_DE_PRESSE\/5.jpg\" target=\"_blank\" rel=\"noopener\">&#8220;La Derni\u00e8re Heure de Namur-Luxembourg&#8221;<\/a><\/p>\t\t\t\t\t\t<\/div>\n\t\t\t\t<\/div>\n\t\t\t\t\t<\/div>\n\t\t<\/div>\n\t\t\t\t<div class=\"elementor-column elementor-col-25 elementor-top-column elementor-element elementor-element-7d0a0d3\" data-id=\"7d0a0d3\" data-element_type=\"column\">\n\t\t\t<div class=\"elementor-widget-wrap elementor-element-populated\">\n\t\t\t\t\t\t<div class=\"elementor-element elementor-element-3519fd7 elementor-widget elementor-widget-text-editor\" data-id=\"3519fd7\" data-element_type=\"widget\" data-widget_type=\"text-editor.default\">\n\t\t\t\t<div class=\"elementor-widget-container\">\n\t\t\t\t\t\t\t<p>7 d\u00e9cembre 2004<\/p><p><a class=\"nonblock\" href=\"https:\/\/www.comiclown.be\/ARTICLES_DE_PRESSE\/6.jpg\" target=\"_blank\" rel=\"noopener\">&#8220;Vers l&#8217;Avenir&#8221;<\/a><\/p>\t\t\t\t\t\t<\/div>\n\t\t\t\t<\/div>\n\t\t\t\t\t<\/div>\n\t\t<\/div>\n\t\t\t\t<div class=\"elementor-column elementor-col-25 elementor-top-column elementor-element elementor-element-bca809e\" data-id=\"bca809e\" data-element_type=\"column\">\n\t\t\t<div class=\"elementor-widget-wrap elementor-element-populated\">\n\t\t\t\t\t\t<div class=\"elementor-element elementor-element-2fae314 elementor-widget elementor-widget-text-editor\" data-id=\"2fae314\" data-element_type=\"widget\" data-widget_type=\"text-editor.default\">\n\t\t\t\t<div class=\"elementor-widget-container\">\n\t\t\t\t\t\t\t<p>7 d\u00e9cembre 2004<\/p><p><a class=\"nonblock\" href=\"https:\/\/www.comiclown.be\/ARTICLES_DE_PRESSE\/7.jpg\" target=\"_blank\" rel=\"noopener\">&#8220;Vers l&#8217;Avenir&#8221;<\/a><\/p>\t\t\t\t\t\t<\/div>\n\t\t\t\t<\/div>\n\t\t\t\t\t<\/div>\n\t\t<\/div>\n\t\t\t\t\t<\/div>\n\t\t<\/section>\n\t\t\t\t<section class=\"elementor-section elementor-top-section elementor-element elementor-element-cf89fd0 elementor-section-boxed elementor-section-height-default elementor-section-height-default\" data-id=\"cf89fd0\" data-element_type=\"section\">\n\t\t\t\t\t\t<div class=\"elementor-container elementor-column-gap-default\">\n\t\t\t\t\t<div class=\"elementor-column elementor-col-25 elementor-top-column elementor-element elementor-element-6fa3153\" data-id=\"6fa3153\" data-element_type=\"column\">\n\t\t\t<div class=\"elementor-widget-wrap elementor-element-populated\">\n\t\t\t\t\t\t<div class=\"elementor-element elementor-element-0f79db5 elementor-widget elementor-widget-text-editor\" data-id=\"0f79db5\" data-element_type=\"widget\" data-widget_type=\"text-editor.default\">\n\t\t\t\t<div class=\"elementor-widget-container\">\n\t\t\t\t\t\t\t<p>23 mai 2005<\/p><p><a class=\"nonblock\" href=\"https:\/\/www.comiclown.be\/ARTICLES_DE_PRESSE\/20060823.pdf\" target=\"_blank\" rel=\"noopener\">&#8220;Le Quotidien (pdf)&#8221;<\/a><\/p>\t\t\t\t\t\t<\/div>\n\t\t\t\t<\/div>\n\t\t\t\t\t<\/div>\n\t\t<\/div>\n\t\t\t\t<div class=\"elementor-column elementor-col-25 elementor-top-column elementor-element elementor-element-d233136\" data-id=\"d233136\" data-element_type=\"column\">\n\t\t\t<div class=\"elementor-widget-wrap elementor-element-populated\">\n\t\t\t\t\t\t<div class=\"elementor-element elementor-element-edc7a06 elementor-widget elementor-widget-text-editor\" data-id=\"edc7a06\" data-element_type=\"widget\" data-widget_type=\"text-editor.default\">\n\t\t\t\t<div class=\"elementor-widget-container\">\n\t\t\t\t\t\t\t<p>19-20 novembre 2005<\/p><p><a class=\"nonblock\" href=\"https:\/\/www.comiclown.be\/ARTICLES_DE_PRESSE\/8.jpg\" target=\"_blank\" rel=\"noopener\">&#8220;Derni\u00e8re Heure&#8221;<\/a><\/p>\t\t\t\t\t\t<\/div>\n\t\t\t\t<\/div>\n\t\t\t\t\t<\/div>\n\t\t<\/div>\n\t\t\t\t<div class=\"elementor-column elementor-col-25 elementor-top-column elementor-element elementor-element-37f2021\" data-id=\"37f2021\" data-element_type=\"column\">\n\t\t\t<div class=\"elementor-widget-wrap elementor-element-populated\">\n\t\t\t\t\t\t<div class=\"elementor-element elementor-element-8696beb elementor-widget elementor-widget-text-editor\" data-id=\"8696beb\" data-element_type=\"widget\" data-widget_type=\"text-editor.default\">\n\t\t\t\t<div class=\"elementor-widget-container\">\n\t\t\t\t\t\t\t<p>18 janvier 2006<\/p><p><a class=\"nonblock\" href=\"https:\/\/www.comiclown.be\/ARTICLES_DE_PRESSE\/9.jpg\" target=\"_blank\" rel=\"noopener\">&#8220;M\u00e9tro&#8221;<\/a><\/p>\t\t\t\t\t\t<\/div>\n\t\t\t\t<\/div>\n\t\t\t\t\t<\/div>\n\t\t<\/div>\n\t\t\t\t<div class=\"elementor-column elementor-col-25 elementor-top-column elementor-element elementor-element-916be24\" data-id=\"916be24\" data-element_type=\"column\">\n\t\t\t<div class=\"elementor-widget-wrap elementor-element-populated\">\n\t\t\t\t\t\t<div class=\"elementor-element elementor-element-05fcd42 elementor-widget elementor-widget-text-editor\" data-id=\"05fcd42\" data-element_type=\"widget\" data-widget_type=\"text-editor.default\">\n\t\t\t\t<div class=\"elementor-widget-container\">\n\t\t\t\t\t\t\t<p>18-19 mars 2006<\/p><p><a class=\"nonblock\" href=\"https:\/\/www.comiclown.be\/ARTICLES_DE_PRESSE\/10.jpg\" target=\"_blank\" rel=\"noopener\">&#8220;Le Soir&#8221;<\/a><\/p>\t\t\t\t\t\t<\/div>\n\t\t\t\t<\/div>\n\t\t\t\t\t<\/div>\n\t\t<\/div>\n\t\t\t\t\t<\/div>\n\t\t<\/section>\n\t\t\t\t<section class=\"elementor-section elementor-top-section elementor-element elementor-element-aff59f7 elementor-section-boxed elementor-section-height-default elementor-section-height-default\" data-id=\"aff59f7\" data-element_type=\"section\">\n\t\t\t\t\t\t<div class=\"elementor-container elementor-column-gap-default\">\n\t\t\t\t\t<div class=\"elementor-column elementor-col-100 elementor-top-column elementor-element elementor-element-e98bacd\" data-id=\"e98bacd\" data-element_type=\"column\">\n\t\t\t<div class=\"elementor-widget-wrap elementor-element-populated\">\n\t\t\t\t\t\t<div class=\"elementor-element elementor-element-8b57919 elementor-widget elementor-widget-text-editor\" data-id=\"8b57919\" data-element_type=\"widget\" data-widget_type=\"text-editor.default\">\n\t\t\t\t<div class=\"elementor-widget-container\">\n\t\t\t\t\t\t\t<p>23 ao\u00fbt 2006<\/p><p><a class=\"nonblock\" href=\"https:\/\/www.comiclown.be\/ARTICLES_DE_PRESSE\/20060823.pdf\" target=\"_blank\" rel=\"noopener\">&#8220;Vivre \u00e0 Li\u00e8ge (pdf)&#8221;<\/a><\/p>\t\t\t\t\t\t<\/div>\n\t\t\t\t<\/div>\n\t\t\t\t\t<\/div>\n\t\t<\/div>\n\t\t\t\t\t<\/div>\n\t\t<\/section>\n\t\t\t\t<\/div>\n\t\t","protected":false},"excerpt":{"rendered":"<p>Persartikelen 2004 &#8220;Le quotidien de Namur&#8221; Juin 2004 &#8220;Journal de Tournai&#8221; 16 octobre 2004 &#8220;Grenz Echo Eupen&#8221; 16 octobre 2004 &#8220;Traducution de l&#8217;article Grenz Echo Eupen&#8221; 7 d\u00e9cembre 2004 &#8220;La Derni\u00e8re Heure de Charleroi&#8221; 7 d\u00e9cembre 2004 &#8220;La Derni\u00e8re Heure de Namur-Luxembourg&#8221; 7 d\u00e9cembre 2004 &#8220;Vers l&#8217;Avenir&#8221; 7 d\u00e9cembre 2004 &#8220;Vers l&#8217;Avenir&#8221; 23 mai 2005&hellip;&nbsp;<a href=\"https:\/\/www.comiclown.be\/?page_id=611&#038;lang=nl\" class=\"\" rel=\"bookmark\">Lire la suite &raquo;<span class=\"screen-reader-text\">Persartikelen<\/span><\/a><\/p>\n","protected":false},"author":1,"featured_media":0,"parent":0,"menu_order":0,"comment_status":"closed","ping_status":"closed","template":"page-templates\/template-pagebuilder-full-width.php","meta":{"neve_meta_sidebar":"full-width","neve_meta_container":"","neve_meta_enable_content_width":"on","neve_meta_content_width":100,"neve_meta_title_alignment":"","neve_meta_author_avatar":"","neve_post_elements_order":"","neve_meta_disable_header":"","neve_meta_disable_footer":"","neve_meta_disable_title":"","_ti_tpc_template_sync":false,"_ti_tpc_template_id":"","footnotes":""},"class_list":["post-611","page","type-page","status-publish","hentry"],"_links":{"self":[{"href":"https:\/\/www.comiclown.be\/index.php?rest_route=\/wp\/v2\/pages\/611","targetHints":{"allow":["GET"]}}],"collection":[{"href":"https:\/\/www.comiclown.be\/index.php?rest_route=\/wp\/v2\/pages"}],"about":[{"href":"https:\/\/www.comiclown.be\/index.php?rest_route=\/wp\/v2\/types\/page"}],"author":[{"embeddable":true,"href":"https:\/\/www.comiclown.be\/index.php?rest_route=\/wp\/v2\/users\/1"}],"replies":[{"embeddable":true,"href":"https:\/\/www.comiclown.be\/index.php?rest_route=%2Fwp%2Fv2%2Fcomments&post=611"}],"version-history":[{"count":4,"href":"https:\/\/www.comiclown.be\/index.php?rest_route=\/wp\/v2\/pages\/611\/revisions"}],"predecessor-version":[{"id":680,"href":"https:\/\/www.comiclown.be\/index.php?rest_route=\/wp\/v2\/pages\/611\/revisions\/680"}],"wp:attachment":[{"href":"https:\/\/www.comiclown.be\/index.php?rest_route=%2Fwp%2Fv2%2Fmedia&parent=611"}],"curies":[{"name":"wp","href":"https:\/\/api.w.org\/{rel}","templated":true}]}}