{"id":634,"date":"2021-07-09T11:57:27","date_gmt":"2021-07-09T09:57:27","guid":{"rendered":"https:\/\/www.comiclown.be\/?page_id=634"},"modified":"2021-07-09T15:30:50","modified_gmt":"2021-07-09T13:30:50","slug":"project-versiering","status":"publish","type":"page","link":"https:\/\/www.comiclown.be\/?page_id=634&lang=nl","title":{"rendered":"Project Versiering"},"content":{"rendered":"\t\t<div data-elementor-type=\"wp-page\" data-elementor-id=\"634\" class=\"elementor elementor-634\">\n\t\t\t\t\t\t<section class=\"elementor-section elementor-top-section elementor-element elementor-element-4895b6e elementor-section-boxed elementor-section-height-default elementor-section-height-default\" data-id=\"4895b6e\" data-element_type=\"section\" data-settings=\"{&quot;background_background&quot;:&quot;classic&quot;}\">\n\t\t\t\t\t\t\t<div class=\"elementor-background-overlay\"><\/div>\n\t\t\t\t\t\t\t<div class=\"elementor-container elementor-column-gap-default\">\n\t\t\t\t\t<div class=\"elementor-column elementor-col-100 elementor-top-column elementor-element elementor-element-be50b73\" data-id=\"be50b73\" data-element_type=\"column\">\n\t\t\t<div class=\"elementor-widget-wrap elementor-element-populated\">\n\t\t\t\t\t\t<section class=\"elementor-section elementor-inner-section elementor-element elementor-element-ef1a4c3 elementor-section-boxed elementor-section-height-default elementor-section-height-default\" data-id=\"ef1a4c3\" data-element_type=\"section\">\n\t\t\t\t\t\t<div class=\"elementor-container elementor-column-gap-default\">\n\t\t\t\t\t<div class=\"elementor-column elementor-col-100 elementor-inner-column elementor-element elementor-element-b7dea7c\" data-id=\"b7dea7c\" data-element_type=\"column\">\n\t\t\t<div class=\"elementor-widget-wrap elementor-element-populated\">\n\t\t\t\t\t\t<div class=\"elementor-element elementor-element-a750bdf elementor-widget elementor-widget-heading\" data-id=\"a750bdf\" data-element_type=\"widget\" data-widget_type=\"heading.default\">\n\t\t\t\t<div class=\"elementor-widget-container\">\n\t\t\t<h1 class=\"elementor-heading-title elementor-size-default\">Project Versiering<\/h1>\t\t<\/div>\n\t\t\t\t<\/div>\n\t\t\t\t\t<\/div>\n\t\t<\/div>\n\t\t\t\t\t<\/div>\n\t\t<\/section>\n\t\t\t\t\t<\/div>\n\t\t<\/div>\n\t\t\t\t\t<\/div>\n\t\t<\/section>\n\t\t\t\t<section class=\"elementor-section elementor-top-section elementor-element elementor-element-a2149ce elementor-section-boxed elementor-section-height-default elementor-section-height-default\" data-id=\"a2149ce\" data-element_type=\"section\">\n\t\t\t\t\t\t<div class=\"elementor-container elementor-column-gap-default\">\n\t\t\t\t\t<div class=\"elementor-column elementor-col-50 elementor-top-column elementor-element elementor-element-1e2a4b9\" data-id=\"1e2a4b9\" data-element_type=\"column\">\n\t\t\t<div class=\"elementor-widget-wrap elementor-element-populated\">\n\t\t\t\t\t\t<div class=\"elementor-element elementor-element-8e60ae6 elementor-widget elementor-widget-text-editor\" data-id=\"8e60ae6\" data-element_type=\"widget\" data-widget_type=\"text-editor.default\">\n\t\t\t\t<div class=\"elementor-widget-container\">\n\t\t\t\t\t\t\t<div id=\"u341-39\" class=\"clearfix grpelem\"><p>Op 26 september 2006 heeft de feestelijke inwijding van de dienst kindergeneeskunde van het ziekenhuis Saint-Etienne in Brussel plaatsgevonden in gezelschap van de zangeres Marie Warnant en haar gitarist.<\/p><p>Wij danken alle personen die ons de gelegenheid hebben gegeven om het versieringsproject te vergunnen, en meer persoonlijk Charif, B\u00e9atrice en haar dochter, Andr\u00e9, Rudy, Eric, Nora, Sabine, V\u00e9ronique en mevrouw Catherine Boone zonder wie niks mogelijk was.<\/p><p>Comi-Clown heeft de dienst kindergeneeskunde van het ziekenhuis Saint-Etienne in Brussel versierd, het ziekenhuis Andr\u00e9 V\u00e9sale De Montigny Le Tilleul, een ontspanningszaal van het centrum William Lennox d&#8217;Otignies en nog andere komende projecten. Andere ziekenhuizen zullen zeker volgen. Om dit toe te laten, hebben we een ploeg vrijwilligers die hun talenten zullen gebruiken om de diensten kindergeneeskunde in een prachtige plek te veranderen.<\/p><p>Voor dit project, zoeken wij nog steeds achter personen die kunnen tekenen en schilderen, en die daaraan tijd kunnen besteden.<\/p><\/div>\t\t\t\t\t\t<\/div>\n\t\t\t\t<\/div>\n\t\t\t\t\t<\/div>\n\t\t<\/div>\n\t\t\t\t<div class=\"elementor-column elementor-col-50 elementor-top-column elementor-element elementor-element-0532c32\" data-id=\"0532c32\" data-element_type=\"column\">\n\t\t\t<div class=\"elementor-widget-wrap elementor-element-populated\">\n\t\t\t\t\t\t<div class=\"elementor-element elementor-element-e61c00d elementor-widget elementor-widget-image\" data-id=\"e61c00d\" data-element_type=\"widget\" data-widget_type=\"image.default\">\n\t\t\t\t<div class=\"elementor-widget-container\">\n\t\t\t\t\t\t\t\t\t\t\t\t\t<img fetchpriority=\"high\" decoding=\"async\" width=\"510\" height=\"510\" src=\"https:\/\/www.comiclown.be\/wp-content\/uploads\/2021\/07\/cani-clown-photo.jpg\" class=\"attachment-large size-large wp-image-496\" alt=\"\" srcset=\"https:\/\/www.comiclown.be\/wp-content\/uploads\/2021\/07\/cani-clown-photo.jpg 510w, https:\/\/www.comiclown.be\/wp-content\/uploads\/2021\/07\/cani-clown-photo-300x300.jpg 300w, https:\/\/www.comiclown.be\/wp-content\/uploads\/2021\/07\/cani-clown-photo-150x150.jpg 150w\" sizes=\"(max-width: 510px) 100vw, 510px\" \/>\t\t\t\t\t\t\t\t\t\t\t\t\t<\/div>\n\t\t\t\t<\/div>\n\t\t\t\t\t<\/div>\n\t\t<\/div>\n\t\t\t\t\t<\/div>\n\t\t<\/section>\n\t\t\t\t<\/div>\n\t\t","protected":false},"excerpt":{"rendered":"<p>Project Versiering Op 26 september 2006 heeft de feestelijke inwijding van de dienst kindergeneeskunde van het ziekenhuis Saint-Etienne in Brussel plaatsgevonden in gezelschap van de zangeres Marie Warnant en haar gitarist. Wij danken alle personen die ons de gelegenheid hebben gegeven om het versieringsproject te vergunnen, en meer persoonlijk Charif, B\u00e9atrice en haar dochter, Andr\u00e9,&hellip;&nbsp;<a href=\"https:\/\/www.comiclown.be\/?page_id=634&#038;lang=nl\" class=\"\" rel=\"bookmark\">Lire la suite &raquo;<span class=\"screen-reader-text\">Project Versiering<\/span><\/a><\/p>\n","protected":false},"author":1,"featured_media":0,"parent":0,"menu_order":0,"comment_status":"closed","ping_status":"closed","template":"page-templates\/template-pagebuilder-full-width.php","meta":{"neve_meta_sidebar":"full-width","neve_meta_container":"","neve_meta_enable_content_width":"on","neve_meta_content_width":100,"neve_meta_title_alignment":"","neve_meta_author_avatar":"","neve_post_elements_order":"","neve_meta_disable_header":"","neve_meta_disable_footer":"","neve_meta_disable_title":"","_ti_tpc_template_sync":false,"_ti_tpc_template_id":"","footnotes":""},"class_list":["post-634","page","type-page","status-publish","hentry"],"_links":{"self":[{"href":"https:\/\/www.comiclown.be\/index.php?rest_route=\/wp\/v2\/pages\/634","targetHints":{"allow":["GET"]}}],"collection":[{"href":"https:\/\/www.comiclown.be\/index.php?rest_route=\/wp\/v2\/pages"}],"about":[{"href":"https:\/\/www.comiclown.be\/index.php?rest_route=\/wp\/v2\/types\/page"}],"author":[{"embeddable":true,"href":"https:\/\/www.comiclown.be\/index.php?rest_route=\/wp\/v2\/users\/1"}],"replies":[{"embeddable":true,"href":"https:\/\/www.comiclown.be\/index.php?rest_route=%2Fwp%2Fv2%2Fcomments&post=634"}],"version-history":[{"count":4,"href":"https:\/\/www.comiclown.be\/index.php?rest_route=\/wp\/v2\/pages\/634\/revisions"}],"predecessor-version":[{"id":708,"href":"https:\/\/www.comiclown.be\/index.php?rest_route=\/wp\/v2\/pages\/634\/revisions\/708"}],"wp:attachment":[{"href":"https:\/\/www.comiclown.be\/index.php?rest_route=%2Fwp%2Fv2%2Fmedia&parent=634"}],"curies":[{"name":"wp","href":"https:\/\/api.w.org\/{rel}","templated":true}]}}