{"id":636,"date":"2021-07-09T11:58:10","date_gmt":"2021-07-09T09:58:10","guid":{"rendered":"https:\/\/www.comiclown.be\/?page_id=636"},"modified":"2021-07-09T15:31:52","modified_gmt":"2021-07-09T13:31:52","slug":"project-djembe","status":"publish","type":"page","link":"https:\/\/www.comiclown.be\/?page_id=636&lang=nl","title":{"rendered":"Project Djemb\u00e9"},"content":{"rendered":"\t\t<div data-elementor-type=\"wp-page\" data-elementor-id=\"636\" class=\"elementor elementor-636\">\n\t\t\t\t\t\t<section class=\"elementor-section elementor-top-section elementor-element elementor-element-ef15f6e elementor-section-boxed elementor-section-height-default elementor-section-height-default\" data-id=\"ef15f6e\" data-element_type=\"section\" data-settings=\"{&quot;background_background&quot;:&quot;classic&quot;}\">\n\t\t\t\t\t\t\t<div class=\"elementor-background-overlay\"><\/div>\n\t\t\t\t\t\t\t<div class=\"elementor-container elementor-column-gap-default\">\n\t\t\t\t\t<div class=\"elementor-column elementor-col-100 elementor-top-column elementor-element elementor-element-f819b4b\" data-id=\"f819b4b\" data-element_type=\"column\">\n\t\t\t<div class=\"elementor-widget-wrap elementor-element-populated\">\n\t\t\t\t\t\t<section class=\"elementor-section elementor-inner-section elementor-element elementor-element-9f7bb71 elementor-section-boxed elementor-section-height-default elementor-section-height-default\" data-id=\"9f7bb71\" data-element_type=\"section\">\n\t\t\t\t\t\t<div class=\"elementor-container elementor-column-gap-default\">\n\t\t\t\t\t<div class=\"elementor-column elementor-col-100 elementor-inner-column elementor-element elementor-element-4768744\" data-id=\"4768744\" data-element_type=\"column\">\n\t\t\t<div class=\"elementor-widget-wrap elementor-element-populated\">\n\t\t\t\t\t\t<div class=\"elementor-element elementor-element-64f0c97 elementor-widget elementor-widget-heading\" data-id=\"64f0c97\" data-element_type=\"widget\" data-widget_type=\"heading.default\">\n\t\t\t\t<div class=\"elementor-widget-container\">\n\t\t\t<h1 class=\"elementor-heading-title elementor-size-default\">De Djemb\u00e9 in het ziekenhuis\n\n<\/h1>\t\t<\/div>\n\t\t\t\t<\/div>\n\t\t\t\t\t<\/div>\n\t\t<\/div>\n\t\t\t\t\t<\/div>\n\t\t<\/section>\n\t\t\t\t\t<\/div>\n\t\t<\/div>\n\t\t\t\t\t<\/div>\n\t\t<\/section>\n\t\t\t\t<section class=\"elementor-section elementor-top-section elementor-element elementor-element-531ca33 elementor-section-boxed elementor-section-height-default elementor-section-height-default\" data-id=\"531ca33\" data-element_type=\"section\">\n\t\t\t\t\t\t<div class=\"elementor-container elementor-column-gap-default\">\n\t\t\t\t\t<div class=\"elementor-column elementor-col-66 elementor-top-column elementor-element elementor-element-edbdf49\" data-id=\"edbdf49\" data-element_type=\"column\">\n\t\t\t<div class=\"elementor-widget-wrap elementor-element-populated\">\n\t\t\t\t\t\t<div class=\"elementor-element elementor-element-34b3171 elementor-widget elementor-widget-text-editor\" data-id=\"34b3171\" data-element_type=\"widget\" data-widget_type=\"text-editor.default\">\n\t\t\t\t<div class=\"elementor-widget-container\">\n\t\t\t\t\t\t\t<div id=\"u341-39\" class=\"clearfix grpelem\"><p>Ons nieuw project is in januari 2006 begonnen.<\/p><p>Comi-Clown is de opleiding van het personeel van de kindergeneeskunde in djembe begonnen. Nadien zal Comi-Clown djemb\u00e9s ter beschikking stellen van de ziekenhuizen. De opgeleide personeelsleden zullen elke maand minimum twee djemb\u00e9 ateliers organiseren. Meerdere ziekenhuizen doen mee aan dit project : Het ziekenhuis &#8220;Bois de l&#8217;Abbaye de Seraing, l&#8217;Esp\u00e9rance-kliniek, de CHR van Namen, de CHU Tivoli van La Louvi\u00e8re, het ziekenhuis Sint-Pieters in Brussel, het frans ziekenhuis C\u00e9sar de Paepe ULB, het ziekenhuis Sint-Elisabeth in Namen, het ziekenhuis Sint-Anne, Sint-R\u00e9my.<\/p><h3 id=\"u2387-11\">Waarom een &#8220;djemb\u00e9&#8221; atelier?<\/h3><p>Er is gebleken dat bepaalde gehospitaliseerde jongeren die zich slecht in hun vel voelen een re\u00ebel probleem was.<\/p><p>Na bedenking, werd er een onderzoeking gedaan om een project op te richten die als doel heeft aan deze jongeren de gelegenheid te geven zich af te leiden door hen de kans te geven om zich uit te drukken. Het idee om Djemb\u00e9-lessen in de ziekenhuizen te organiseren werd dan besproken. In begin, leek het idee wat aardig. Inderdaad, hoe kan men in een ziekenhuis zo&#8217;n lawaai voorzien, waar stilte aangeraden is voor het comfort van pati\u00ebnten ?<\/p><p>Dit laat toe de jongeren over een moment tussen &#8220;grote&#8221; van de dienst kindergeneeskunde te genieten,\u00a0 een zekere hoeveelheid stress trachten kwijt te spelen en natuurlijk het ziekenhuis context voor een klein ogenblik proberen te vergeten. De vereniging organiseert opleidingen voor de personeelsleden van het ziekenhuis in Djembe, zodanig deze leden later de djemb\u00e9 atelier met de jongeren meedoen.<\/p><p>Comi-Clown biedt en onderhoudt nadien de djemb\u00e9s voor de dienst kindergeneeskunde.<\/p><\/div>\t\t\t\t\t\t<\/div>\n\t\t\t\t<\/div>\n\t\t\t\t\t<\/div>\n\t\t<\/div>\n\t\t\t\t<div class=\"elementor-column elementor-col-33 elementor-top-column elementor-element elementor-element-06dc15b\" data-id=\"06dc15b\" data-element_type=\"column\">\n\t\t\t<div class=\"elementor-widget-wrap elementor-element-populated\">\n\t\t\t\t\t\t<div class=\"elementor-element elementor-element-a0b43b2 elementor-widget elementor-widget-image\" data-id=\"a0b43b2\" data-element_type=\"widget\" data-widget_type=\"image.default\">\n\t\t\t\t<div class=\"elementor-widget-container\">\n\t\t\t\t\t\t\t\t\t\t\t\t\t<img fetchpriority=\"high\" decoding=\"async\" width=\"301\" height=\"475\" src=\"https:\/\/www.comiclown.be\/wp-content\/uploads\/2021\/07\/projet-djembe-image.png\" class=\"attachment-large size-large wp-image-554\" alt=\"\" srcset=\"https:\/\/www.comiclown.be\/wp-content\/uploads\/2021\/07\/projet-djembe-image.png 301w, https:\/\/www.comiclown.be\/wp-content\/uploads\/2021\/07\/projet-djembe-image-190x300.png 190w\" sizes=\"(max-width: 301px) 100vw, 301px\" \/>\t\t\t\t\t\t\t\t\t\t\t\t\t<\/div>\n\t\t\t\t<\/div>\n\t\t\t\t\t<\/div>\n\t\t<\/div>\n\t\t\t\t\t<\/div>\n\t\t<\/section>\n\t\t\t\t<section class=\"elementor-section elementor-top-section elementor-element elementor-element-58fc151 elementor-section-boxed elementor-section-height-default elementor-section-height-default\" data-id=\"58fc151\" data-element_type=\"section\">\n\t\t\t\t\t\t<div class=\"elementor-container elementor-column-gap-default\">\n\t\t\t\t\t<div class=\"elementor-column elementor-col-100 elementor-top-column elementor-element elementor-element-d728597\" data-id=\"d728597\" data-element_type=\"column\">\n\t\t\t<div class=\"elementor-widget-wrap\">\n\t\t\t\t\t\t\t<\/div>\n\t\t<\/div>\n\t\t\t\t\t<\/div>\n\t\t<\/section>\n\t\t\t\t<\/div>\n\t\t","protected":false},"excerpt":{"rendered":"<p>De Djemb\u00e9 in het ziekenhuis Ons nieuw project is in januari 2006 begonnen. Comi-Clown is de opleiding van het personeel van de kindergeneeskunde in djembe begonnen. Nadien zal Comi-Clown djemb\u00e9s ter beschikking stellen van de ziekenhuizen. De opgeleide personeelsleden zullen elke maand minimum twee djemb\u00e9 ateliers organiseren. Meerdere ziekenhuizen doen mee aan dit project :&hellip;&nbsp;<a href=\"https:\/\/www.comiclown.be\/?page_id=636&#038;lang=nl\" class=\"\" rel=\"bookmark\">Lire la suite &raquo;<span class=\"screen-reader-text\">Project Djemb\u00e9<\/span><\/a><\/p>\n","protected":false},"author":1,"featured_media":0,"parent":0,"menu_order":0,"comment_status":"closed","ping_status":"closed","template":"page-templates\/template-pagebuilder-full-width.php","meta":{"neve_meta_sidebar":"full-width","neve_meta_container":"","neve_meta_enable_content_width":"on","neve_meta_content_width":100,"neve_meta_title_alignment":"","neve_meta_author_avatar":"","neve_post_elements_order":"","neve_meta_disable_header":"","neve_meta_disable_footer":"","neve_meta_disable_title":"","_ti_tpc_template_sync":false,"_ti_tpc_template_id":"","footnotes":""},"class_list":["post-636","page","type-page","status-publish","hentry"],"_links":{"self":[{"href":"https:\/\/www.comiclown.be\/index.php?rest_route=\/wp\/v2\/pages\/636","targetHints":{"allow":["GET"]}}],"collection":[{"href":"https:\/\/www.comiclown.be\/index.php?rest_route=\/wp\/v2\/pages"}],"about":[{"href":"https:\/\/www.comiclown.be\/index.php?rest_route=\/wp\/v2\/types\/page"}],"author":[{"embeddable":true,"href":"https:\/\/www.comiclown.be\/index.php?rest_route=\/wp\/v2\/users\/1"}],"replies":[{"embeddable":true,"href":"https:\/\/www.comiclown.be\/index.php?rest_route=%2Fwp%2Fv2%2Fcomments&post=636"}],"version-history":[{"count":4,"href":"https:\/\/www.comiclown.be\/index.php?rest_route=\/wp\/v2\/pages\/636\/revisions"}],"predecessor-version":[{"id":711,"href":"https:\/\/www.comiclown.be\/index.php?rest_route=\/wp\/v2\/pages\/636\/revisions\/711"}],"wp:attachment":[{"href":"https:\/\/www.comiclown.be\/index.php?rest_route=%2Fwp%2Fv2%2Fmedia&parent=636"}],"curies":[{"name":"wp","href":"https:\/\/api.w.org\/{rel}","templated":true}]}}